{"id":570,"date":"2024-02-21T10:47:31","date_gmt":"2024-02-21T09:47:31","guid":{"rendered":"https:\/\/www.chateaudesmoines.com\/our-wines\/cuvee-henri-bordeaux-rose\/"},"modified":"2024-02-22T12:29:02","modified_gmt":"2024-02-22T11:29:02","slug":"cuvee-henri-bordeaux-rose","status":"publish","type":"page","link":"https:\/\/www.chateaudesmoines.com\/en\/our-wines\/cuvee-henri-bordeaux-rose\/","title":{"rendered":"Cuv\u00e9e Henri Bordeaux Ros\u00e9"},"content":{"rendered":"<p>[et_pb_section fb_built=&#8221;1&#8243; _builder_version=&#8221;4.24.1&#8243; _module_preset=&#8221;default&#8221; background_color=&#8221;#f9f5f1&#8243; global_colors_info=&#8221;{}&#8221;][et_pb_row column_structure=&#8221;3_5,2_5&#8243; _builder_version=&#8221;4.24.1&#8243; _module_preset=&#8221;default&#8221; global_colors_info=&#8221;{}&#8221;][et_pb_column type=&#8221;3_5&#8243; _builder_version=&#8221;4.24.1&#8243; _module_preset=&#8221;default&#8221; global_colors_info=&#8221;{}&#8221;][et_pb_text _builder_version=&#8221;4.24.1&#8243; text_font=&#8221;Lora||||||||&#8221; text_line_height=&#8221;2em&#8221; header_text_color=&#8221;#280400&#8243; header_font_size=&#8221;60px&#8221; header_2_text_color=&#8221;#280400&#8243; header_3_text_color=&#8221;#280400&#8243; header_4_text_color=&#8221;#280400&#8243; header_5_text_color=&#8221;#280400&#8243; header_6_text_color=&#8221;#280400&#8243; max_width_last_edited=&#8221;off|phone&#8221; custom_margin=&#8221;||||false|false&#8221; header_font_size_tablet=&#8221;60px&#8221; header_font_size_phone=&#8221;40px&#8221; header_font_size_last_edited=&#8221;on|phone&#8221; header_line_height_tablet=&#8221;1.4em&#8221; header_line_height_phone=&#8221;&#8221; header_line_height_last_edited=&#8221;on|phone&#8221; global_colors_info=&#8221;{}&#8221; max_width__hover_enabled=&#8221;off|desktop&#8221;]<\/p>\n<h1>Cuv\u00e9e Henri Bordeaux Ros\u00e9<\/h1>\n<p>[\/et_pb_text][et_pb_text _builder_version=&#8221;4.24.1&#8243; text_font=&#8221;Lora||||||||&#8221; header_2_text_color=&#8221;#280400&#8243; header_2_font_size=&#8221;60px&#8221; header_2_line_height=&#8221;1.2em&#8221; header_2_font_size_tablet=&#8221;40px&#8221; header_2_font_size_phone=&#8221;28px&#8221; header_2_font_size_last_edited=&#8221;on|phone&#8221; header_2_line_height_tablet=&#8221;1.4em&#8221; header_2_line_height_phone=&#8221;&#8221; header_2_line_height_last_edited=&#8221;on|phone&#8221; global_colors_info=&#8221;{}&#8221;]<\/p>\n<h3>Tasting notes<\/h3>\n<p>[\/et_pb_text][et_pb_text _builder_version=&#8221;4.24.1&#8243; text_font=&#8221;Lora||||||||&#8221; text_line_height=&#8221;2em&#8221; max_width_last_edited=&#8221;off|phone&#8221; global_colors_info=&#8221;{}&#8221; max_width__hover_enabled=&#8221;off|desktop&#8221;]<\/p>\n<h4><strong>Vintage <\/strong><\/h4>\n<p>Pale, crystalline pink in color, the nose is highly aromatic, with notes of red fruit and citrus (orange zest and grapefruit). Supple, round and fresh on the palate (pomegranate, raspberry), with a long, fruity finish.<\/p>\n<p>[\/et_pb_text][\/et_pb_column][et_pb_column type=&#8221;2_5&#8243; _builder_version=&#8221;4.24.1&#8243; _module_preset=&#8221;default&#8221; global_colors_info=&#8221;{}&#8221;][et_pb_image src=&#8221;https:\/\/www.chateaudesmoines.com\/wp-content\/uploads\/2024\/02\/bouteille-cuvee-henri-rose-2024.png&#8221; alt=&#8221;bottle wine chateau des moines malbec lalande de pomerol&#8221; title_text=&#8221;bottle cuv\u00e9e henri rose 2024&#8243; _builder_version=&#8221;4.24.1&#8243; _module_preset=&#8221;default&#8221; global_colors_info=&#8221;{}&#8221;][\/et_pb_image][\/et_pb_column][\/et_pb_row][\/et_pb_section][et_pb_section fb_built=&#8221;1&#8243; admin_label=&#8221;Our Process&#8221; _builder_version=&#8221;4.24.1&#8243; background_color=&#8221;#f9f5f1&#8243; background_enable_image=&#8221;off&#8221; background_size=&#8221;initial&#8221; custom_margin=&#8221;||||false|false&#8221; custom_padding=&#8221;0px||||false|false&#8221; locked=&#8221;off&#8221; global_colors_info=&#8221;{}&#8221;][et_pb_row column_structure=&#8221;1_3,1_3,1_3&#8243; _builder_version=&#8221;4.16&#8243; global_colors_info=&#8221;{}&#8221;][et_pb_column type=&#8221;1_3&#8243; _builder_version=&#8221;4.16&#8243; custom_padding=&#8221;30px|30px|30px|30px|true|true&#8221; border_width_all=&#8221;2px&#8221; border_color_all=&#8221;#e8e2d7&#8243; global_colors_info=&#8221;{}&#8221;][et_pb_image src=&#8221;https:\/\/www.chateaudesmoines.com\/wp-content\/uploads\/2024\/02\/bouteille-cuvee-henri-rose-2024.png&#8221; alt=&#8221;bottle wine chateau des moines malbec lalande de pomerol&#8221; title_text=&#8221;bottle cuv\u00e9e henri rose 2024&#8243; _builder_version=&#8221;4.24.1&#8243; _module_preset=&#8221;default&#8221; global_colors_info=&#8221;{}&#8221;][\/et_pb_image][et_pb_button button_url=&#8221;@ET-DC@eyJkeW5hbWljIjp0cnVlLCJjb250ZW50IjoicG9zdF9saW5rX3VybF9hdHRhY2htZW50Iiwic2V0dGluZ3MiOnsicG9zdF9pZCI6IjYwMyJ9fQ==@&#8221; url_new_window=&#8221;on&#8221; button_text=&#8221;Technical data&#8221; button_alignment=&#8221;left&#8221; _builder_version=&#8221;4.24.2&#8243; _dynamic_attributes=&#8221;button_url&#8221; custom_button=&#8221;on&#8221; button_text_size=&#8221;14px&#8221; button_text_color=&#8221;#000000&#8243; button_bg_color=&#8221;rgba(0,0,0,0)&#8221; button_border_color=&#8221;#280400&#8243; button_border_radius=&#8221;0px&#8221; button_font=&#8221;Lora||on||||||&#8221; button_use_icon=&#8221;off&#8221; custom_padding=&#8221;20px|50px|20px|50px|true|true&#8221; hover_enabled=&#8221;0&#8243; locked=&#8221;off&#8221; global_colors_info=&#8221;{}&#8221; button_text_color__hover=&#8221;#e8e2d7&#8243; button_text_color__hover_enabled=&#8221;on|desktop&#8221; button_bg_color__hover=&#8221;#280400&#8243; button_bg_color__hover_enabled=&#8221;on|hover&#8221; sticky_enabled=&#8221;0&#8243;][\/et_pb_button][\/et_pb_column][et_pb_column type=&#8221;1_3&#8243; _builder_version=&#8221;4.16&#8243; global_colors_info=&#8221;{}&#8221;][et_pb_text _builder_version=&#8221;4.24.1&#8243; text_font=&#8221;Lora||||||||&#8221; text_line_height=&#8221;2em&#8221; locked=&#8221;off&#8221; global_colors_info=&#8221;{}&#8221;]<\/p>\n<h4>1. Grape varieties<\/h4>\n<p>100% merlot<\/p>\n<h4>2. Soils<\/h4>\n<p>The soil is composed of dry gravel and the subsoil is clayey-silty-gravelly with traces of iron oxide known as &#8220;crasse de fer&#8221;.<\/p>\n<h4>3.surface area<\/h4>\n<p>1.3 hectares<\/p>\n<h4>4. Vineyard work<\/h4>\n<p>The plots are cultivated in the traditional way, with under-row weeding, controlled grass cover and mechanical leaf thinning. Green harvesting is used for this vintage.<\/p>\n<p>[\/et_pb_text][\/et_pb_column][et_pb_column type=&#8221;1_3&#8243; _builder_version=&#8221;4.16&#8243; global_colors_info=&#8221;{}&#8221;][et_pb_text _builder_version=&#8221;4.24.1&#8243; text_font=&#8221;Lora||||||||&#8221; text_line_height=&#8221;2em&#8221; locked=&#8221;off&#8221; global_colors_info=&#8221;{}&#8221;]<\/p>\n<h4>5.winemaking<\/h4>\n<p>Destemming, sorting and limited skin maceration. Cold vinification at 12\u00b0. No malolactic fermentation.<\/p>\n<h4>6.breeding<\/h4>\n<p>&#8211;<\/p>\n<p>[\/et_pb_text][et_pb_image src=&#8221;https:\/\/www.chateaudesmoines.com\/wp-content\/uploads\/2024\/02\/winery-10.png&#8221; _builder_version=&#8221;4.24.1&#8243; custom_margin=&#8221;-120px|-4vw|||false|false&#8221; custom_margin_tablet=&#8221;0px||0px||true|false&#8221; custom_margin_phone=&#8221;0px||0px||true|false&#8221; custom_margin_last_edited=&#8221;on|tablet&#8221; scroll_vertical_motion_enable=&#8221;on&#8221; scroll_vertical_motion=&#8221;0|50|50|100|0.5|0|-0.5&#8243; locked=&#8221;off&#8221; global_colors_info=&#8221;{}&#8221;][\/et_pb_image][\/et_pb_column][\/et_pb_row][\/et_pb_section][et_pb_section fb_built=&#8221;1&#8243; specialty=&#8221;on&#8221; admin_label=&#8221;Footer&#8221; _builder_version=&#8221;4.24.0&#8243; background_color=&#8221;#f9f5f1&#8243; background_image=&#8221;https:\/\/www.chateaudesmoines.com\/wp-content\/uploads\/2024\/01\/winery-37.png&#8221; background_size=&#8221;initial&#8221; inner_module_alignment=&#8221;center&#8221; custom_padding=&#8221;100px||||false|false&#8221; background_last_edited=&#8221;on|desktop&#8221; background_color_gradient_stops_tablet=&#8221;#f9f5f1 80%|#e8e2d7 80%&#8221; background_color_gradient_stops_phone=&#8221;#f9f5f1 75%|#e8e2d7 75%&#8221; background_color_gradient_start_position_tablet=&#8221;80%&#8221; background_color_gradient_start_position_phone=&#8221;75%&#8221; background_color_gradient_end_position_tablet=&#8221;80%&#8221; background_color_gradient_end_position_phone=&#8221;75%&#8221; background_position_tablet=&#8221;bottom_center&#8221; saved_tabs=&#8221;all&#8221; locked=&#8221;off&#8221; global_colors_info=&#8221;{}&#8221;][et_pb_column type=&#8221;1_2&#8243; _builder_version=&#8221;4.16&#8243; custom_padding=&#8221;|||&#8221; global_colors_info=&#8221;{}&#8221; custom_padding__hover=&#8221;|||&#8221;][et_pb_text _builder_version=&#8221;4.24.0&#8243; text_font=&#8221;Lora||||||||&#8221; header_2_font=&#8221;|||on|||||&#8221; header_2_text_color=&#8221;#280400&#8243; header_2_font_size=&#8221;65px&#8221; header_2_letter_spacing=&#8221;8px&#8221; header_2_line_height=&#8221;1.2em&#8221; max_width_tablet=&#8221;&#8221; max_width_phone=&#8221;&#8221; max_width_last_edited=&#8221;on|desktop&#8221; header_2_font_size_tablet=&#8221;40px&#8221; header_2_font_size_phone=&#8221;28px&#8221; header_2_font_size_last_edited=&#8221;on|phone&#8221; header_2_line_height_tablet=&#8221;1.4em&#8221; header_2_line_height_phone=&#8221;&#8221; header_2_line_height_last_edited=&#8221;on|phone&#8221; locked=&#8221;off&#8221; global_colors_info=&#8221;{}&#8221;]<\/p>\n<h2>Contact us<\/h2>\n<p>[\/et_pb_text][et_pb_button button_url=&#8221;@ET-DC@eyJkeW5hbWljIjp0cnVlLCJjb250ZW50IjoicG9zdF9saW5rX3VybF9wYWdlIiwic2V0dGluZ3MiOnsicG9zdF9pZCI6IjE0NSJ9fQ==@&#8221; button_text=&#8221;How to find us&#8221; _builder_version=&#8221;4.24.0&#8243; _dynamic_attributes=&#8221;button_url&#8221; custom_button=&#8221;on&#8221; button_text_size=&#8221;14px&#8221; button_text_color=&#8221;#000000&#8243; button_bg_color=&#8221;rgba(0,0,0,0)&#8221; button_border_color=&#8221;#280400&#8243; button_border_radius=&#8221;0px&#8221; button_font=&#8221;Lora||on||||||&#8221; button_use_icon=&#8221;off&#8221; custom_padding=&#8221;20px|50px|20px|50px|true|true&#8221; locked=&#8221;off&#8221; global_colors_info=&#8221;{}&#8221; button_text_color__hover=&#8221;#e8e2d7&#8243; button_text_color__hover_enabled=&#8221;on|desktop&#8221; button_bg_color__hover=&#8221;#280400&#8243; button_bg_color__hover_enabled=&#8221;on|hover&#8221;][\/et_pb_button][et_pb_text _builder_version=&#8221;4.23.4&#8243; text_font=&#8221;Lora||||||||&#8221; text_line_height=&#8221;2em&#8221; max_width=&#8221;380px&#8221; max_width_tablet=&#8221;100%&#8221; max_width_phone=&#8221;&#8221; max_width_last_edited=&#8221;on|tablet&#8221; locked=&#8221;off&#8221; global_colors_info=&#8221;{}&#8221;]<\/p>\n<p>Ch\u00e2teau des Moines, with its rich history and carefully tended vineyards, fits harmoniously into this emblematic winegrowing landscape of the Bordeaux region.<\/p>\n<p>[\/et_pb_text][\/et_pb_column][et_pb_column type=&#8221;1_2&#8243; specialty_columns=&#8221;2&#8243; _builder_version=&#8221;4.16&#8243; custom_padding=&#8221;|||&#8221; global_colors_info=&#8221;{}&#8221; custom_padding__hover=&#8221;|||&#8221;][et_pb_row_inner _builder_version=&#8221;4.24.0&#8243; background_color=&#8221;#917356&#8243; max_width=&#8221;280px&#8221; custom_margin=&#8221;||||false|false&#8221; custom_padding=&#8221;140px|30px|100px|30px|false|true&#8221; scroll_vertical_motion_enable=&#8221;on&#8221; scroll_vertical_motion=&#8221;0|0|0|50|0|0|-2&#8243; motion_trigger_start=&#8221;top&#8221; scroll_vertical_motion_tablet=&#8221;0|0|0|50|0|0|0&#8243; scroll_vertical_motion_phone=&#8221;&#8221; scroll_vertical_motion_last_edited=&#8221;on|tablet&#8221; global_colors_info=&#8221;{}&#8221;][et_pb_column_inner saved_specialty_column_type=&#8221;1_2&#8243; _builder_version=&#8221;4.16&#8243; global_colors_info=&#8221;{}&#8221;][et_pb_text _builder_version=&#8221;4.23.4&#8243; link_font=&#8221;Lora||on||||||&#8221; link_text_color=&#8221;#ffffff&#8221; link_line_height=&#8221;2em&#8221; header_3_font=&#8221;|700||on|||||&#8221; header_3_font_size=&#8221;12px&#8221; header_3_letter_spacing=&#8221;2px&#8221; header_3_line_height=&#8221;1.4em&#8221; background_layout=&#8221;dark&#8221; link_font_size_tablet=&#8221;20px&#8221; link_font_size_phone=&#8221;18px&#8221; link_font_size_last_edited=&#8221;off|desktop&#8221; locked=&#8221;off&#8221; global_colors_info=&#8221;{}&#8221;]<\/p>\n<h3>Phone<\/h3>\n<p>05 57 51 40 41<\/p>\n<p>[\/et_pb_text][et_pb_text _builder_version=&#8221;4.24.0&#8243; link_font=&#8221;Lora||on||||||&#8221; link_text_color=&#8221;#ffffff&#8221; link_line_height=&#8221;2em&#8221; header_3_font=&#8221;|700||on|||||&#8221; header_3_font_size=&#8221;12px&#8221; header_3_letter_spacing=&#8221;2px&#8221; header_3_line_height=&#8221;1.4em&#8221; background_layout=&#8221;dark&#8221; custom_margin=&#8221;40px||||false|false&#8221; link_font_size_tablet=&#8221;20px&#8221; link_font_size_phone=&#8221;18px&#8221; link_font_size_last_edited=&#8221;on|phone&#8221; locked=&#8221;off&#8221; global_colors_info=&#8221;{}&#8221;]<\/p>\n<h3>Address<\/h3>\n<p><span style=\"font-family: Arial, sans-serif;\">3 rue de Musset <\/span><\/p>\n<p><span style=\"font-family: Arial, sans-serif;\">33500 Lalande de Pomerol<\/span><\/p>\n<p>[\/et_pb_text][et_pb_text _builder_version=&#8221;4.23.4&#8243; text_font=&#8221;Lora||||||||&#8221; header_2_font_size=&#8221;40px&#8221; header_2_line_height=&#8221;1.2em&#8221; background_layout=&#8221;dark&#8221; max_width=&#8221;260px&#8221; max_width_tablet=&#8221;200px&#8221; max_width_phone=&#8221;150px&#8221; max_width_last_edited=&#8221;on|phone&#8221; custom_margin=&#8221;40px||||false|false&#8221; header_2_font_size_tablet=&#8221;36px&#8221; header_2_font_size_phone=&#8221;28px&#8221; header_2_font_size_last_edited=&#8221;on|desktop&#8221; header_2_line_height_tablet=&#8221;1.4em&#8221; header_2_line_height_phone=&#8221;&#8221; header_2_line_height_last_edited=&#8221;on|phone&#8221; locked=&#8221;off&#8221; global_colors_info=&#8221;{}&#8221;]<\/p>\n<h2>Discover our wines<\/h2>\n<p>[\/et_pb_text][et_pb_button button_text=&#8221;The shop&#8221; _builder_version=&#8221;4.23.4&#8243; custom_button=&#8221;on&#8221; button_text_size=&#8221;14px&#8221; button_text_color=&#8221;#e8e2d7&#8243; button_bg_color=&#8221;rgba(0,0,0,0)&#8221; button_border_color=&#8221;rgba(232,226,215,0.2)&#8221; button_border_radius=&#8221;0px&#8221; button_font=&#8221;Lora||on||||||&#8221; button_use_icon=&#8221;off&#8221; custom_padding=&#8221;10px|20px|10px|20px|true|true&#8221; custom_padding_tablet=&#8221;18px|50px|18px|50px|true|true&#8221; custom_padding_phone=&#8221;16px|40px|16px|40px|true|true&#8221; custom_padding_last_edited=&#8221;off|desktop&#8221; button_bg_color_last_edited=&#8221;off|desktop&#8221; locked=&#8221;off&#8221; global_colors_info=&#8221;{}&#8221; button_text_color__hover=&#8221;#ffffff&#8221; button_text_color__hover_enabled=&#8221;off|hover&#8221; button_bg_color__hover=&#8221;#280400&#8243; button_bg_color__hover_enabled=&#8221;off|desktop&#8221; button_border_color__hover_enabled=&#8221;on|desktop&#8221; button_border_color__hover=&#8221;#e8e2d7&#8243;][\/et_pb_button][\/et_pb_column_inner][\/et_pb_row_inner][\/et_pb_column][\/et_pb_section]<\/p>\n","protected":false},"excerpt":{"rendered":"<p>Cuv\u00e9e Henri Bordeaux Ros\u00e9Tasting notesVintage Pale, crystalline pink in color, the nose is highly aromatic, with notes of red fruit and citrus (orange zest and grapefruit). Supple, round and fresh on the palate (pomegranate, raspberry), with a long, fruity finish.1. Grape varieties 100% merlot 2. Soils The soil is composed of dry gravel and the [&hellip;]<\/p>\n","protected":false},"author":1,"featured_media":516,"parent":557,"menu_order":0,"comment_status":"closed","ping_status":"closed","template":"","meta":{"_et_pb_use_builder":"on","_et_pb_old_content":"","_et_gb_content_width":"","footnotes":""},"class_list":["post-570","page","type-page","status-publish","has-post-thumbnail","hentry"],"yoast_head":"<!-- This site is optimized with the Yoast SEO plugin v27.3 - https:\/\/yoast.com\/product\/yoast-seo-wordpress\/ -->\n<title>Cuv\u00e9e Henri Bordeaux Ros\u00e9 - Chateau des moines<\/title>\n<meta name=\"description\" content=\"Cuv\u00e9e Henri Bordeaux Ros\u00e9 | Pale, crystalline pink color, very aromatic nose, notes of red fruit and citrus...\" \/>\n<meta name=\"robots\" content=\"index, follow, max-snippet:-1, max-image-preview:large, max-video-preview:-1\" \/>\n<link rel=\"canonical\" href=\"https:\/\/www.chateaudesmoines.com\/en\/our-wines\/cuvee-henri-bordeaux-rose\/\" \/>\n<meta property=\"og:locale\" content=\"en_US\" \/>\n<meta property=\"og:type\" content=\"article\" \/>\n<meta property=\"og:title\" content=\"Cuv\u00e9e Henri Bordeaux Ros\u00e9 - Chateau des moines\" \/>\n<meta property=\"og:description\" content=\"Cuv\u00e9e Henri Bordeaux Ros\u00e9 | Pale, crystalline pink color, very aromatic nose, notes of red fruit and citrus...\" \/>\n<meta property=\"og:url\" content=\"https:\/\/www.chateaudesmoines.com\/en\/our-wines\/cuvee-henri-bordeaux-rose\/\" \/>\n<meta property=\"og:site_name\" content=\"Chateau des moines\" \/>\n<meta property=\"article:publisher\" content=\"https:\/\/www.facebook.com\/chateaudesmoines\" \/>\n<meta property=\"article:modified_time\" content=\"2024-02-22T11:29:02+00:00\" \/>\n<meta property=\"og:image\" content=\"https:\/\/www.chateaudesmoines.com\/wp-content\/uploads\/2024\/02\/bouteille-cuvee-henri-rose-2024.png\" \/>\n\t<meta property=\"og:image:width\" content=\"400\" \/>\n\t<meta property=\"og:image:height\" content=\"608\" \/>\n\t<meta property=\"og:image:type\" content=\"image\/png\" \/>\n<meta name=\"twitter:card\" content=\"summary_large_image\" \/>\n<meta name=\"twitter:label1\" content=\"Est. reading time\" \/>\n\t<meta name=\"twitter:data1\" content=\"8 minutes\" \/>\n<script type=\"application\/ld+json\" class=\"yoast-schema-graph\">{\"@context\":\"https:\\\/\\\/schema.org\",\"@graph\":[{\"@type\":\"WebPage\",\"@id\":\"https:\\\/\\\/www.chateaudesmoines.com\\\/en\\\/our-wines\\\/cuvee-henri-bordeaux-rose\\\/\",\"url\":\"https:\\\/\\\/www.chateaudesmoines.com\\\/en\\\/our-wines\\\/cuvee-henri-bordeaux-rose\\\/\",\"name\":\"Cuv\u00e9e Henri Bordeaux Ros\u00e9 - Chateau des moines\",\"isPartOf\":{\"@id\":\"https:\\\/\\\/www.chateaudesmoines.com\\\/en\\\/#website\"},\"primaryImageOfPage\":{\"@id\":\"https:\\\/\\\/www.chateaudesmoines.com\\\/en\\\/our-wines\\\/cuvee-henri-bordeaux-rose\\\/#primaryimage\"},\"image\":{\"@id\":\"https:\\\/\\\/www.chateaudesmoines.com\\\/en\\\/our-wines\\\/cuvee-henri-bordeaux-rose\\\/#primaryimage\"},\"thumbnailUrl\":\"https:\\\/\\\/www.chateaudesmoines.com\\\/wp-content\\\/uploads\\\/2024\\\/02\\\/bouteille-cuvee-henri-rose-2024.png\",\"datePublished\":\"2024-02-21T09:47:31+00:00\",\"dateModified\":\"2024-02-22T11:29:02+00:00\",\"description\":\"Cuv\u00e9e Henri Bordeaux Ros\u00e9 | Pale, crystalline pink color, very aromatic nose, notes of red fruit and citrus...\",\"breadcrumb\":{\"@id\":\"https:\\\/\\\/www.chateaudesmoines.com\\\/en\\\/our-wines\\\/cuvee-henri-bordeaux-rose\\\/#breadcrumb\"},\"inLanguage\":\"en-US\",\"potentialAction\":[{\"@type\":\"ReadAction\",\"target\":[\"https:\\\/\\\/www.chateaudesmoines.com\\\/en\\\/our-wines\\\/cuvee-henri-bordeaux-rose\\\/\"]}]},{\"@type\":\"ImageObject\",\"inLanguage\":\"en-US\",\"@id\":\"https:\\\/\\\/www.chateaudesmoines.com\\\/en\\\/our-wines\\\/cuvee-henri-bordeaux-rose\\\/#primaryimage\",\"url\":\"https:\\\/\\\/www.chateaudesmoines.com\\\/wp-content\\\/uploads\\\/2024\\\/02\\\/bouteille-cuvee-henri-rose-2024.png\",\"contentUrl\":\"https:\\\/\\\/www.chateaudesmoines.com\\\/wp-content\\\/uploads\\\/2024\\\/02\\\/bouteille-cuvee-henri-rose-2024.png\",\"width\":400,\"height\":608},{\"@type\":\"BreadcrumbList\",\"@id\":\"https:\\\/\\\/www.chateaudesmoines.com\\\/en\\\/our-wines\\\/cuvee-henri-bordeaux-rose\\\/#breadcrumb\",\"itemListElement\":[{\"@type\":\"ListItem\",\"position\":1,\"name\":\"Accueil\",\"item\":\"https:\\\/\\\/www.chateaudesmoines.com\\\/en\\\/\"},{\"@type\":\"ListItem\",\"position\":2,\"name\":\"Our wines\",\"item\":\"https:\\\/\\\/www.chateaudesmoines.com\\\/en\\\/our-wines\\\/\"},{\"@type\":\"ListItem\",\"position\":3,\"name\":\"Cuv\u00e9e Henri Bordeaux Ros\u00e9\"}]},{\"@type\":\"WebSite\",\"@id\":\"https:\\\/\\\/www.chateaudesmoines.com\\\/en\\\/#website\",\"url\":\"https:\\\/\\\/www.chateaudesmoines.com\\\/en\\\/\",\"name\":\"Chateau des moines\",\"description\":\"\",\"potentialAction\":[{\"@type\":\"SearchAction\",\"target\":{\"@type\":\"EntryPoint\",\"urlTemplate\":\"https:\\\/\\\/www.chateaudesmoines.com\\\/en\\\/?s={search_term_string}\"},\"query-input\":{\"@type\":\"PropertyValueSpecification\",\"valueRequired\":true,\"valueName\":\"search_term_string\"}}],\"inLanguage\":\"en-US\"}]}<\/script>\n<!-- \/ Yoast SEO plugin. -->","yoast_head_json":{"title":"Cuv\u00e9e Henri Bordeaux Ros\u00e9 - Chateau des moines","description":"Cuv\u00e9e Henri Bordeaux Ros\u00e9 | Pale, crystalline pink color, very aromatic nose, notes of red fruit and citrus...","robots":{"index":"index","follow":"follow","max-snippet":"max-snippet:-1","max-image-preview":"max-image-preview:large","max-video-preview":"max-video-preview:-1"},"canonical":"https:\/\/www.chateaudesmoines.com\/en\/our-wines\/cuvee-henri-bordeaux-rose\/","og_locale":"en_US","og_type":"article","og_title":"Cuv\u00e9e Henri Bordeaux Ros\u00e9 - Chateau des moines","og_description":"Cuv\u00e9e Henri Bordeaux Ros\u00e9 | Pale, crystalline pink color, very aromatic nose, notes of red fruit and citrus...","og_url":"https:\/\/www.chateaudesmoines.com\/en\/our-wines\/cuvee-henri-bordeaux-rose\/","og_site_name":"Chateau des moines","article_publisher":"https:\/\/www.facebook.com\/chateaudesmoines","article_modified_time":"2024-02-22T11:29:02+00:00","og_image":[{"width":400,"height":608,"url":"https:\/\/www.chateaudesmoines.com\/wp-content\/uploads\/2024\/02\/bouteille-cuvee-henri-rose-2024.png","type":"image\/png"}],"twitter_card":"summary_large_image","twitter_misc":{"Est. reading time":"8 minutes"},"schema":{"@context":"https:\/\/schema.org","@graph":[{"@type":"WebPage","@id":"https:\/\/www.chateaudesmoines.com\/en\/our-wines\/cuvee-henri-bordeaux-rose\/","url":"https:\/\/www.chateaudesmoines.com\/en\/our-wines\/cuvee-henri-bordeaux-rose\/","name":"Cuv\u00e9e Henri Bordeaux Ros\u00e9 - Chateau des moines","isPartOf":{"@id":"https:\/\/www.chateaudesmoines.com\/en\/#website"},"primaryImageOfPage":{"@id":"https:\/\/www.chateaudesmoines.com\/en\/our-wines\/cuvee-henri-bordeaux-rose\/#primaryimage"},"image":{"@id":"https:\/\/www.chateaudesmoines.com\/en\/our-wines\/cuvee-henri-bordeaux-rose\/#primaryimage"},"thumbnailUrl":"https:\/\/www.chateaudesmoines.com\/wp-content\/uploads\/2024\/02\/bouteille-cuvee-henri-rose-2024.png","datePublished":"2024-02-21T09:47:31+00:00","dateModified":"2024-02-22T11:29:02+00:00","description":"Cuv\u00e9e Henri Bordeaux Ros\u00e9 | Pale, crystalline pink color, very aromatic nose, notes of red fruit and citrus...","breadcrumb":{"@id":"https:\/\/www.chateaudesmoines.com\/en\/our-wines\/cuvee-henri-bordeaux-rose\/#breadcrumb"},"inLanguage":"en-US","potentialAction":[{"@type":"ReadAction","target":["https:\/\/www.chateaudesmoines.com\/en\/our-wines\/cuvee-henri-bordeaux-rose\/"]}]},{"@type":"ImageObject","inLanguage":"en-US","@id":"https:\/\/www.chateaudesmoines.com\/en\/our-wines\/cuvee-henri-bordeaux-rose\/#primaryimage","url":"https:\/\/www.chateaudesmoines.com\/wp-content\/uploads\/2024\/02\/bouteille-cuvee-henri-rose-2024.png","contentUrl":"https:\/\/www.chateaudesmoines.com\/wp-content\/uploads\/2024\/02\/bouteille-cuvee-henri-rose-2024.png","width":400,"height":608},{"@type":"BreadcrumbList","@id":"https:\/\/www.chateaudesmoines.com\/en\/our-wines\/cuvee-henri-bordeaux-rose\/#breadcrumb","itemListElement":[{"@type":"ListItem","position":1,"name":"Accueil","item":"https:\/\/www.chateaudesmoines.com\/en\/"},{"@type":"ListItem","position":2,"name":"Our wines","item":"https:\/\/www.chateaudesmoines.com\/en\/our-wines\/"},{"@type":"ListItem","position":3,"name":"Cuv\u00e9e Henri Bordeaux Ros\u00e9"}]},{"@type":"WebSite","@id":"https:\/\/www.chateaudesmoines.com\/en\/#website","url":"https:\/\/www.chateaudesmoines.com\/en\/","name":"Chateau des moines","description":"","potentialAction":[{"@type":"SearchAction","target":{"@type":"EntryPoint","urlTemplate":"https:\/\/www.chateaudesmoines.com\/en\/?s={search_term_string}"},"query-input":{"@type":"PropertyValueSpecification","valueRequired":true,"valueName":"search_term_string"}}],"inLanguage":"en-US"}]}},"jetpack_sharing_enabled":true,"_links":{"self":[{"href":"https:\/\/www.chateaudesmoines.com\/en\/wp-json\/wp\/v2\/pages\/570","targetHints":{"allow":["GET"]}}],"collection":[{"href":"https:\/\/www.chateaudesmoines.com\/en\/wp-json\/wp\/v2\/pages"}],"about":[{"href":"https:\/\/www.chateaudesmoines.com\/en\/wp-json\/wp\/v2\/types\/page"}],"author":[{"embeddable":true,"href":"https:\/\/www.chateaudesmoines.com\/en\/wp-json\/wp\/v2\/users\/1"}],"replies":[{"embeddable":true,"href":"https:\/\/www.chateaudesmoines.com\/en\/wp-json\/wp\/v2\/comments?post=570"}],"version-history":[{"count":3,"href":"https:\/\/www.chateaudesmoines.com\/en\/wp-json\/wp\/v2\/pages\/570\/revisions"}],"predecessor-version":[{"id":613,"href":"https:\/\/www.chateaudesmoines.com\/en\/wp-json\/wp\/v2\/pages\/570\/revisions\/613"}],"up":[{"embeddable":true,"href":"https:\/\/www.chateaudesmoines.com\/en\/wp-json\/wp\/v2\/pages\/557"}],"wp:featuredmedia":[{"embeddable":true,"href":"https:\/\/www.chateaudesmoines.com\/en\/wp-json\/wp\/v2\/media\/516"}],"wp:attachment":[{"href":"https:\/\/www.chateaudesmoines.com\/en\/wp-json\/wp\/v2\/media?parent=570"}],"curies":[{"name":"wp","href":"https:\/\/api.w.org\/{rel}","templated":true}]}}